{"id":2309,"date":"2016-04-18T13:00:08","date_gmt":"2016-04-18T11:00:08","guid":{"rendered":"http:\/\/www.xn--augschll-transporte-v6b.com\/it\/cookie\/"},"modified":"2016-04-20T17:09:43","modified_gmt":"2016-04-20T15:09:43","slug":"cookie","status":"publish","type":"page","link":"https:\/\/www.xn--augschll-transporte-v6b.com\/it\/cookie\/","title":{"rendered":"Cookie"},"content":{"rendered":"<h1>Che cosa \u00e8 un cookie?<\/h1>\n<p>Un cookie \u00e8 un file di testo che viene   salvato durante l&rsquo;accesso di un sito Web sul proprio PC, tablet o   smartphone. I cookie rendono possibile ricaricare il sito con le   impostazioni preferite dell&rsquo;ultimo accesso (lingua, grandezza del   carattere ed altro). I cookie del nostro sito non vengono utilizzati per   raccogliere informazioni personali del visitatore e non rappresentano   nessun rischio per la sua privacy.<\/p>\n<h2>Specifiche di vari tipi di cookie:<\/h2>\n<p><strong>Cookie tecnici [ non \u00e8 richiesto il consenso dell&#8217;utente ]<\/strong><\/p>\n<p>Tra   i cosidetti cookie tecnici, segnaliamo i cookie essenziali che   abilitano funzioni, senza le quali non sarebbe possibile navigare in   internet. Questi cookie funzionano esclusivamente per la sessione in   corso e sono quindi detti &ldquo;cookie di prima parte&rdquo;. Questi cookie scadono   automaticamente quando l&#8217;utente chiude il browser. Rientrano, altres\u00ec,   nell&rsquo;ambito dei cookie tecnici anche i cookie di analitica, utilizzati   per analizzare statisticamente gli accessi al sito, hanno esclusivamente   scopi statistici e raccolgono informazioni in modo anonimo senza   possibilit\u00e0 di risalire all&rsquo;identificazione del singolo utente.<\/p>\n<p><strong>Cookie di profilazione [ \u00e8 richiesto il consenso dell&#8217;utente ]<\/strong><\/p>\n<p>I   cookie di profilazione vengono utilizzati per raccogliere informazioni   relative all&#8217;utente, al fine di inviare messaggi pubblicitari in linea   con le preferenze manifestate dallo stesso nell&#8217;ambito della navigazione   in rete.<\/p>\n<p><strong>Cookie di terze parti<\/strong><\/p>\n<p>Trattandosi   di cookie di siti diversi da questo sito, utilizzati per finalit\u00e0   proprie di dette terze parti, le relative informazioni e modalit\u00e0 per   prestare o negare il proprio consenso sono disponibili cliccando i link   qui sotto:<\/p>\n<p><a href=\"http:\/\/www.google.com\/intl\/it\/policies\/technologies\/cookies\/\" data-mce-href=\"http:\/\/www.google.com\/intl\/it\/policies\/technologies\/cookies\/\">Youtube<\/a><br \/>\n  <a href=\"http:\/\/www.google.com\/intl\/it\/policies\/technologies\/cookies\/\" data-mce-href=\"http:\/\/www.google.com\/intl\/it\/policies\/technologies\/cookies\/\">Google Analytics<\/a><br \/>\n  <a href=\"http:\/\/www.google.com\/intl\/it\/policies\/technologies\/cookies\/\" data-mce-href=\"http:\/\/www.google.com\/intl\/it\/policies\/technologies\/cookies\/\">Google Maps<br \/>\n  <\/a><a href=\"http:\/\/www.google.com\/intl\/it\/policies\/technologies\/cookies\/\" data-mce-href=\"http:\/\/www.google.com\/intl\/it\/policies\/technologies\/cookies\/\">Google Plus<br \/>\n      <\/a><a href=\"https:\/\/www.facebook.com\/help\/cookies\/\" data-mce-href=\"https:\/\/www.facebook.com\/help\/cookies\/\">Facebook<\/a><br data-mce-bogus=\"1\">\n<\/p>\n<h2>Controllo per l&rsquo;utilizzo dei Cookie<\/h2>\n<p>Quasi   tutti browser offrono la possibilit\u00e0 di disattivare i Cookie. Dopo la   disattivazione dei Cookie non si pu\u00f2 garantire il funzionamento corretto   del sito web.<\/p>\n<h2>Guida per la disattivazione dei Cookie nei diversi browser:<\/h2>\n<p><strong>Firefox:<\/strong><\/p>\n<p>Apri Firefox<br \/>\n  Premi il pulsante &ldquo;Alt&rdquo; sulla tastiera<br \/>\n  Nella barra degli strumenti situata nella parte superiore del browser, seleziona &ldquo;Strumenti&rdquo; e successivamente &ldquo;Opzioni&rdquo;<br \/>\n  Seleziona quindi la scheda &ldquo;Privacy&rdquo;<br \/>\n  Vai su &ldquo;Impostazioni Cronologia:&rdquo; e successivamente su &ldquo;Utilizza   impostazioni personalizzate&rdquo; . Deseleziona &ldquo;Accetta i cookie dai siti&rdquo; e   salva le preferenze.<\/p>\n<p><strong>Internet Explorer:<\/strong><\/p>\n<p>Apri Internet Explorer<br \/>\n  Clicca sul pulsante &ldquo;Strumenti&rdquo; e quindi su &ldquo;Opzioni Internet&rdquo;<br \/>\n  Seleziona la scheda &ldquo;Privacy&rdquo; e sposta il dispositivo di scorrimento   sul livello di privacy che desideri impostare (verso l&rsquo;alto per bloccare   tutti i cookie o verso il basso per consentirli tutti)<br \/>\n  Quindi clicca su OK<\/p>\n<p><strong>Google Chrome:<\/strong><\/p>\n<p>Apri Google Chrome<br \/>\n  Clicca sull&#8217;icona &ldquo;Strumenti&rdquo;<br \/>\n  Seleziona &ldquo;Impostazioni&rdquo; e successivamente &ldquo;Impostazioni avanzate&rdquo;<br \/>\n  Seleziona &ldquo;Impostazioni dei contenuti&rdquo; sotto la voce &ldquo;Privacy&rdquo;<br \/>\n  Nella scheda &ldquo;Cookies&rdquo; \u00e8 possibile deselezionare i cookie e salvare le preferenze<\/p>\n<p><strong>Safari:<\/strong><\/p>\n<p>Apri Safari<br \/>\n  Scegli &ldquo;Preferenze&rdquo; nella barra degli strumenti, quindi seleziona il pannello &ldquo;Sicurezza&rdquo; nella finestra di dialogo che segue<br \/>\n  Nella sezione &ldquo;Accetta cookie&rdquo; \u00e8 possibile specificare se e quando   Safari deve salvare i cookies dai siti web. Per ulteriori informazioni   clicca sul pulsante di Aiuto ( contrassegnato da un punto interrogativo)<br \/>\n  Per maggiori informazioni sui cookie che vengono memorizzati sul vostro computer, clicca su &ldquo;Mostra cookie&rdquo;<\/p>\n<p>Per maggiori informazioni sui Cookie visitate i seguenti link: <a href=\"http:\/\/www.allaboutcookies.org\/\" data-mce-href=\"http:\/\/www.allaboutcookies.org\/\">www.allaboutcookies.org<\/a> oppure <a href=\"http:\/\/www.youronlinechoices.eu\/\" data-mce-href=\"http:\/\/www.youronlinechoices.eu\/\">www.youronlinechoices.eu<\/a><\/p>\n","protected":false},"excerpt":{"rendered":"<p>Che cosa \u00e8 un cookie? Un cookie \u00e8 un file di testo che viene salvato durante l&rsquo;accesso di un sito Web sul proprio PC, tablet o [&hellip;]<\/p>\n","protected":false},"author":1,"featured_media":0,"parent":0,"menu_order":0,"comment_status":"closed","ping_status":"closed","template":"","meta":{"_monsterinsights_skip_tracking":false,"_monsterinsights_sitenote_active":false,"_monsterinsights_sitenote_note":"","_monsterinsights_sitenote_category":0,"footnotes":""},"class_list":["post-2309","page","type-page","status-publish","hentry"],"yoast_head":"<!-- This site is optimized with the Yoast SEO plugin v23.1 - https:\/\/yoast.com\/wordpress\/plugins\/seo\/ -->\n<title>Cookie - Augsch\u00f6ll Transporte<\/title>\n<meta name=\"robots\" content=\"index, follow, max-snippet:-1, max-image-preview:large, max-video-preview:-1\" \/>\n<link rel=\"canonical\" href=\"https:\/\/www.xn--augschll-transporte-v6b.com\/it\/cookie\/\" \/>\n<meta property=\"og:locale\" content=\"it_IT\" \/>\n<meta property=\"og:type\" content=\"article\" \/>\n<meta property=\"og:title\" content=\"Cookie - Augsch\u00f6ll Transporte\" \/>\n<meta property=\"og:description\" content=\"Che cosa \u00e8 un cookie? Un cookie \u00e8 un file di testo che viene salvato durante l&rsquo;accesso di un sito Web sul proprio PC, tablet o [&hellip;]\" \/>\n<meta property=\"og:url\" content=\"https:\/\/www.xn--augschll-transporte-v6b.com\/it\/cookie\/\" \/>\n<meta property=\"og:site_name\" content=\"Augsch\u00f6ll Transporte\" \/>\n<meta property=\"article:modified_time\" content=\"2016-04-20T15:09:43+00:00\" \/>\n<meta name=\"twitter:card\" content=\"summary_large_image\" \/>\n<meta name=\"twitter:label1\" content=\"Tempo di lettura stimato\" \/>\n\t<meta name=\"twitter:data1\" content=\"3 minuti\" \/>\n<script type=\"application\/ld+json\" class=\"yoast-schema-graph\">{\"@context\":\"https:\/\/schema.org\",\"@graph\":[{\"@type\":\"WebPage\",\"@id\":\"https:\/\/www.xn--augschll-transporte-v6b.com\/it\/cookie\/\",\"url\":\"https:\/\/www.xn--augschll-transporte-v6b.com\/it\/cookie\/\",\"name\":\"Cookie - Augsch\u00f6ll Transporte\",\"isPartOf\":{\"@id\":\"https:\/\/www.xn--augschll-transporte-v6b.com\/#website\"},\"datePublished\":\"2016-04-18T11:00:08+00:00\",\"dateModified\":\"2016-04-20T15:09:43+00:00\",\"breadcrumb\":{\"@id\":\"https:\/\/www.xn--augschll-transporte-v6b.com\/it\/cookie\/#breadcrumb\"},\"inLanguage\":\"it-IT\",\"potentialAction\":[{\"@type\":\"ReadAction\",\"target\":[\"https:\/\/www.xn--augschll-transporte-v6b.com\/it\/cookie\/\"]}]},{\"@type\":\"BreadcrumbList\",\"@id\":\"https:\/\/www.xn--augschll-transporte-v6b.com\/it\/cookie\/#breadcrumb\",\"itemListElement\":[{\"@type\":\"ListItem\",\"position\":1,\"name\":\"Home\",\"item\":\"https:\/\/www.xn--augschll-transporte-v6b.com\/it\/\"},{\"@type\":\"ListItem\",\"position\":2,\"name\":\"Cookie\"}]},{\"@type\":\"WebSite\",\"@id\":\"https:\/\/www.xn--augschll-transporte-v6b.com\/#website\",\"url\":\"https:\/\/www.xn--augschll-transporte-v6b.com\/\",\"name\":\"Augsch\u00f6ll Transporte\",\"description\":\"Trasporti Augsch\u00f6ll a Chiusa in Valle Isarco. Il vostro partner per la logistica in Alto Adige. \",\"potentialAction\":[{\"@type\":\"SearchAction\",\"target\":{\"@type\":\"EntryPoint\",\"urlTemplate\":\"https:\/\/www.xn--augschll-transporte-v6b.com\/?s={search_term_string}\"},\"query-input\":\"required name=search_term_string\"}],\"inLanguage\":\"it-IT\"}]}<\/script>\n<!-- \/ Yoast SEO plugin. -->","yoast_head_json":{"title":"Cookie - Augsch\u00f6ll Transporte","robots":{"index":"index","follow":"follow","max-snippet":"max-snippet:-1","max-image-preview":"max-image-preview:large","max-video-preview":"max-video-preview:-1"},"canonical":"https:\/\/www.xn--augschll-transporte-v6b.com\/it\/cookie\/","og_locale":"it_IT","og_type":"article","og_title":"Cookie - Augsch\u00f6ll Transporte","og_description":"Che cosa \u00e8 un cookie? Un cookie \u00e8 un file di testo che viene salvato durante l&rsquo;accesso di un sito Web sul proprio PC, tablet o [&hellip;]","og_url":"https:\/\/www.xn--augschll-transporte-v6b.com\/it\/cookie\/","og_site_name":"Augsch\u00f6ll Transporte","article_modified_time":"2016-04-20T15:09:43+00:00","twitter_card":"summary_large_image","twitter_misc":{"Tempo di lettura stimato":"3 minuti"},"schema":{"@context":"https:\/\/schema.org","@graph":[{"@type":"WebPage","@id":"https:\/\/www.xn--augschll-transporte-v6b.com\/it\/cookie\/","url":"https:\/\/www.xn--augschll-transporte-v6b.com\/it\/cookie\/","name":"Cookie - Augsch\u00f6ll Transporte","isPartOf":{"@id":"https:\/\/www.xn--augschll-transporte-v6b.com\/#website"},"datePublished":"2016-04-18T11:00:08+00:00","dateModified":"2016-04-20T15:09:43+00:00","breadcrumb":{"@id":"https:\/\/www.xn--augschll-transporte-v6b.com\/it\/cookie\/#breadcrumb"},"inLanguage":"it-IT","potentialAction":[{"@type":"ReadAction","target":["https:\/\/www.xn--augschll-transporte-v6b.com\/it\/cookie\/"]}]},{"@type":"BreadcrumbList","@id":"https:\/\/www.xn--augschll-transporte-v6b.com\/it\/cookie\/#breadcrumb","itemListElement":[{"@type":"ListItem","position":1,"name":"Home","item":"https:\/\/www.xn--augschll-transporte-v6b.com\/it\/"},{"@type":"ListItem","position":2,"name":"Cookie"}]},{"@type":"WebSite","@id":"https:\/\/www.xn--augschll-transporte-v6b.com\/#website","url":"https:\/\/www.xn--augschll-transporte-v6b.com\/","name":"Augsch\u00f6ll Transporte","description":"Trasporti Augsch\u00f6ll a Chiusa in Valle Isarco. Il vostro partner per la logistica in Alto Adige. ","potentialAction":[{"@type":"SearchAction","target":{"@type":"EntryPoint","urlTemplate":"https:\/\/www.xn--augschll-transporte-v6b.com\/?s={search_term_string}"},"query-input":"required name=search_term_string"}],"inLanguage":"it-IT"}]}},"_links":{"self":[{"href":"https:\/\/www.xn--augschll-transporte-v6b.com\/it\/wp-json\/wp\/v2\/pages\/2309"}],"collection":[{"href":"https:\/\/www.xn--augschll-transporte-v6b.com\/it\/wp-json\/wp\/v2\/pages"}],"about":[{"href":"https:\/\/www.xn--augschll-transporte-v6b.com\/it\/wp-json\/wp\/v2\/types\/page"}],"author":[{"embeddable":true,"href":"https:\/\/www.xn--augschll-transporte-v6b.com\/it\/wp-json\/wp\/v2\/users\/1"}],"replies":[{"embeddable":true,"href":"https:\/\/www.xn--augschll-transporte-v6b.com\/it\/wp-json\/wp\/v2\/comments?post=2309"}],"version-history":[{"count":1,"href":"https:\/\/www.xn--augschll-transporte-v6b.com\/it\/wp-json\/wp\/v2\/pages\/2309\/revisions"}],"predecessor-version":[{"id":2337,"href":"https:\/\/www.xn--augschll-transporte-v6b.com\/it\/wp-json\/wp\/v2\/pages\/2309\/revisions\/2337"}],"wp:attachment":[{"href":"https:\/\/www.xn--augschll-transporte-v6b.com\/it\/wp-json\/wp\/v2\/media?parent=2309"}],"curies":[{"name":"wp","href":"https:\/\/api.w.org\/{rel}","templated":true}]}}